{"id":418,"date":"2020-11-05T17:20:12","date_gmt":"2020-11-05T17:20:12","guid":{"rendered":"https:\/\/ritualcurious.com\/sobre-nosotros"},"modified":"2020-11-17T16:19:25","modified_gmt":"2020-11-17T16:19:25","slug":"a-propos-de-nous","status":"publish","type":"page","link":"https:\/\/ritualcurious.com\/fr\/a-propos-de-nous","title":{"rendered":"\u00c0 propos"},"content":{"rendered":"\n<div class=\"wp-block-cover alignfull has-background-dim-10 has-background-dim eplus-A8GwOl\" style=\"background-image:url(https:\/\/ritualcurious.com\/wp-content\/uploads\/2020\/11\/ritual-curious-header-1.jpg);min-height:400px;aspect-ratio:unset;\"><div class=\"wp-block-cover__inner-container is-layout-flow wp-block-cover-is-layout-flow\">\n<p class=\"has-text-align-center eplus-pom6cE has-large-font-size\"><\/p>\n<\/div><\/div>\n\n\n\n<section class=\"wp-block-uagb-columns uagb-columns__wrap uagb-columns__background-undefined uagb-columns__stack-mobile uagb-columns__valign-undefined uagb-columns__gap-20 alignundefined uagb-block-f68cd267\"><div class=\"uagb-columns__overlay\"><\/div><div class=\"uagb-columns__inner-wrap uagb-columns__columns-2\">\n<div class=\"wp-block-uagb-column uagb-column__wrap uagb-column__background-undefined uagb-block-b12a15f7\"><div class=\"uagb-column__overlay\"><\/div><div class=\"uagb-column__inner-wrap\"><style>.wp-block-kadence-advancedheading.kt-adv-heading_564d7f-0b, .wp-block-kadence-advancedheading.kt-adv-heading_564d7f-0b[data-kb-block=\"kb-adv-heading_564d7f-0b\"]{font-style:normal;}.wp-block-kadence-advancedheading.kt-adv-heading_564d7f-0b mark.kt-highlight, .wp-block-kadence-advancedheading.kt-adv-heading_564d7f-0b[data-kb-block=\"kb-adv-heading_564d7f-0b\"] mark.kt-highlight{font-style:normal;color:#f76a0c;-webkit-box-decoration-break:clone;box-decoration-break:clone;padding-top:0px;padding-right:0px;padding-bottom:0px;padding-left:0px;}.wp-block-kadence-advancedheading.kt-adv-heading_564d7f-0b img.kb-inline-image, .wp-block-kadence-advancedheading.kt-adv-heading_564d7f-0b[data-kb-block=\"kb-adv-heading_564d7f-0b\"] img.kb-inline-image{width:150px;vertical-align:baseline;}<\/style>\n<h1 id=\"kt-adv-heading_564d7f-0b\" class=\"kt-adv-heading_564d7f-0b wp-block-kadence-advancedheading\">\u00c0 propos de nous<\/h1>\n\n\n\n<p class=\"eplus-fWAptY\"><strong>Ritual Curious<\/strong> est le nouveau projet de la <strong>Galer\u00eda David Serra<\/strong> \u2013 <em>Fine Tribal Art<\/em>, qui a pris la forme d\u2019une s\u00e9rie de catalogues mensuels diffus\u00e9s virtuellement depuis avril 2020.<\/p>\n\n\n\n<p class=\"eplus-SKYnzp\">Ce projet est n\u00e9 en r\u00e9ponse \u00e0 la situation de paralysie mondiale due \u00e0 la pand\u00e9mie de Covid-19. Suite aux restrictions sur la mobilit\u00e9, l\u2019annulation des salons et la limitation des contacts entre personnes, il \u00e9tait devenu de plus en plus difficile de maintenir nos relations avec les amateurs d\u2019art tribal. Dans ce contexte nous vint l\u2019id\u00e9e de pr\u00e9senter en ligne r\u00e9guli\u00e8rement, chaque mois, une s\u00e9lection rigoureuse d\u2019\u0153uvres dans l\u2019objet de continuer \u00e0 accompagner les collectionneurs dans le d\u00e9veloppement de leur passion et de les surprendre avec une offre renouvel\u00e9e. Suite au soutien que nous avons re\u00e7u depuis le lancement de notre s\u00e9rie de catalogues virtuels, nous avons d\u00e9cid\u00e9 de faire encore un pas de plus et d\u2019offrir \u00e0 <strong>Ritual Curious<\/strong> un espace d\u00e9di\u00e9 \u00e0 travers la cr\u00e9ation d\u2019une plateforme en ligne ind\u00e9pendante de la <strong>Galer\u00eda David Serra<\/strong> \u2013 <em><span class=\"eplus-icon\">Fine Tribal Art.<\/span><\/em><\/p>\n<\/div><\/div>\n\n\n\n<div class=\"wp-block-uagb-column uagb-column__wrap uagb-column__background-undefined uagb-block-7824c9e3\"><div class=\"uagb-column__overlay\"><\/div><div class=\"uagb-column__inner-wrap\">\n<p class=\"eplus-DqghLE\"><strong>Ritual Curious<\/strong> est une galerie 100% en ligne dont la vocation est de diffuser et de promouvoir le merveilleux monde de l\u2019art tribal, en faisant partager les informations li\u00e9es \u00e0 la fonction, au contexte et au sens des \u0153uvres pr\u00e9sent\u00e9es. R\u00e9alis\u00e9e sous la supervision de<strong> David Serra<\/strong>, expert internationalement reconnu dans le monde de l\u2019art tribal, la s\u00e9lection attentive des \u0153uvres r\u00e9pond \u00e0 des crit\u00e8res stricts de qualit\u00e9 artistique, d\u2019int\u00e9r\u00eat ethnographique et d\u2019authenticit\u00e9.<\/p>\n\n\n\n<p class=\"eplus-fpj7AG\">Les visiteurs qui se rendront sur la plateforme pourront d\u00e9couvrir les objets expos\u00e9s, leur provenance et leur valeur en un seul clic, depuis le confort de leur maison, en totale transparence. De cette fa\u00e7on, l\u2019art dans toute sa beaut\u00e9 devient accessible \u00e0 tous, \u00e0 travers cet espace de rencontre dans lequel les collectionneurs experts pourront trouver une nouvelle fa\u00e7on d\u2019agrandir leur collection et les nouveaux amateurs pourront faire appel \u00e0 une \u00e9quipe de conseillers, \u00e0 leur disposition pour les accompagner dans leur premiers pas dans le monde de l\u2019art tribal.<\/p>\n\n\n\n<p class=\"eplus-YluPb6\">Le catalogue de <strong>Ritual Curious<\/strong> proposera un bel ensemble de pi\u00e8ces repr\u00e9sentatives des cr\u00e9ations qui fascin\u00e8rent d\u00e9j\u00e0, au d\u00e9but du XXe si\u00e8cle, le regard des artistes d\u2019avant-garde, captiv\u00e9s par leur dynamisme et surtout par leur vision du monde si particuli\u00e8re.<\/p>\n\n\n\n<blockquote class=\"wp-block-quote eplus-piKD47 is-layout-flow wp-block-quote-is-layout-flow\"><p><strong>Ritual Curious <\/strong>garantie l\u2019authenticit\u00e9 et la provenance de chaque \u0153uvre, accompagn\u00e9e par un certificat d\u2019authenticit\u00e9 sous la supervision de<strong> David Serra.<\/strong><\/p><\/blockquote>\n<\/div><\/div>\n<\/div><\/section>\n","protected":false},"excerpt":{"rendered":"<p>\u00c0 propos de nous Ritual Curious est le nouveau projet de la Galer\u00eda David Serra \u2013 Fine Tribal Art, qui a pris la forme d\u2019une s\u00e9rie de catalogues mensuels diffus\u00e9s virtuellement depuis avril 2020. Ce projet est n\u00e9 en r\u00e9ponse \u00e0 la situation de paralysie mondiale due \u00e0 la pand\u00e9mie de Covid-19. Suite aux restrictions [&hellip;]<\/p>\n","protected":false},"author":1,"featured_media":0,"parent":0,"menu_order":0,"comment_status":"closed","ping_status":"closed","template":"","meta":{"_uag_custom_page_level_css":"","site-sidebar-layout":"no-sidebar","site-content-layout":"plain-container","ast-site-content-layout":"default","site-content-style":"default","site-sidebar-style":"default","ast-global-header-display":"","ast-banner-title-visibility":"","ast-main-header-display":"","ast-hfb-above-header-display":"","ast-hfb-below-header-display":"","ast-hfb-mobile-header-display":"","site-post-title":"disabled","ast-breadcrumbs-content":"","ast-featured-img":"","footer-sml-layout":"","ast-disable-related-posts":"","theme-transparent-header-meta":"enabled","adv-header-id-meta":"","stick-header-meta":"default","header-above-stick-meta":"","header-main-stick-meta":"","header-below-stick-meta":"","astra-migrate-meta-layouts":"default","ast-page-background-enabled":"default","ast-page-background-meta":{"desktop":{"background-color":"","background-image":"","background-repeat":"repeat","background-position":"center center","background-size":"auto","background-attachment":"scroll","background-type":"","background-media":"","overlay-type":"","overlay-color":"","overlay-opacity":"","overlay-gradient":""},"tablet":{"background-color":"","background-image":"","background-repeat":"repeat","background-position":"center center","background-size":"auto","background-attachment":"scroll","background-type":"","background-media":"","overlay-type":"","overlay-color":"","overlay-opacity":"","overlay-gradient":""},"mobile":{"background-color":"","background-image":"","background-repeat":"repeat","background-position":"center center","background-size":"auto","background-attachment":"scroll","background-type":"","background-media":"","overlay-type":"","overlay-color":"","overlay-opacity":"","overlay-gradient":""}},"ast-content-background-meta":{"desktop":{"background-color":"var(--ast-global-color-5)","background-image":"","background-repeat":"repeat","background-position":"center center","background-size":"auto","background-attachment":"scroll","background-type":"","background-media":"","overlay-type":"","overlay-color":"","overlay-opacity":"","overlay-gradient":""},"tablet":{"background-color":"var(--ast-global-color-5)","background-image":"","background-repeat":"repeat","background-position":"center center","background-size":"auto","background-attachment":"scroll","background-type":"","background-media":"","overlay-type":"","overlay-color":"","overlay-opacity":"","overlay-gradient":""},"mobile":{"background-color":"var(--ast-global-color-5)","background-image":"","background-repeat":"repeat","background-position":"center center","background-size":"auto","background-attachment":"scroll","background-type":"","background-media":"","overlay-type":"","overlay-color":"","overlay-opacity":"","overlay-gradient":""}},"footnotes":""},"class_list":["post-418","page","type-page","status-publish","hentry"],"yoast_head":"<!-- This site is optimized with the Yoast SEO plugin v27.2 - https:\/\/yoast.com\/product\/yoast-seo-wordpress\/ -->\n<title>\u00c0 propos - Ritual Curious<\/title>\n<meta name=\"robots\" content=\"index, follow, max-snippet:-1, max-image-preview:large, max-video-preview:-1\" \/>\n<link rel=\"canonical\" href=\"https:\/\/ritualcurious.com\/fr\/a-propos-de-nous\" \/>\n<meta property=\"og:locale\" content=\"fr_FR\" \/>\n<meta property=\"og:type\" content=\"article\" \/>\n<meta property=\"og:title\" content=\"\u00c0 propos - Ritual Curious\" \/>\n<meta property=\"og:description\" content=\"\u00c0 propos de nous Ritual Curious est le nouveau projet de la Galer\u00eda David Serra \u2013 Fine Tribal Art, qui a pris la forme d\u2019une s\u00e9rie de catalogues mensuels diffus\u00e9s virtuellement depuis avril 2020. Ce projet est n\u00e9 en r\u00e9ponse \u00e0 la situation de paralysie mondiale due \u00e0 la pand\u00e9mie de Covid-19. Suite aux restrictions [&hellip;]\" \/>\n<meta property=\"og:url\" content=\"https:\/\/ritualcurious.com\/fr\/a-propos-de-nous\" \/>\n<meta property=\"og:site_name\" content=\"Ritual Curious\" \/>\n<meta property=\"article:modified_time\" content=\"2020-11-17T16:19:25+00:00\" \/>\n<meta name=\"twitter:card\" content=\"summary_large_image\" \/>\n<meta name=\"twitter:label1\" content=\"Dur\u00e9e de lecture estim\u00e9e\" \/>\n\t<meta name=\"twitter:data1\" content=\"2 minutes\" \/>\n<script type=\"application\/ld+json\" class=\"yoast-schema-graph\">{\"@context\":\"https:\/\/schema.org\",\"@graph\":[{\"@type\":\"WebPage\",\"@id\":\"https:\/\/ritualcurious.com\/fr\/a-propos-de-nous\",\"url\":\"https:\/\/ritualcurious.com\/fr\/a-propos-de-nous\",\"name\":\"\u00c0 propos - Ritual Curious\",\"isPartOf\":{\"@id\":\"https:\/\/ritualcurious.com\/fr#website\"},\"datePublished\":\"2020-11-05T17:20:12+00:00\",\"dateModified\":\"2020-11-17T16:19:25+00:00\",\"breadcrumb\":{\"@id\":\"https:\/\/ritualcurious.com\/fr\/a-propos-de-nous#breadcrumb\"},\"inLanguage\":\"fr-FR\",\"potentialAction\":[{\"@type\":\"ReadAction\",\"target\":[\"https:\/\/ritualcurious.com\/fr\/a-propos-de-nous\"]}]},{\"@type\":\"BreadcrumbList\",\"@id\":\"https:\/\/ritualcurious.com\/fr\/a-propos-de-nous#breadcrumb\",\"itemListElement\":[{\"@type\":\"ListItem\",\"position\":1,\"name\":\"Portada\",\"item\":\"https:\/\/ritualcurious.com\/fr\"},{\"@type\":\"ListItem\",\"position\":2,\"name\":\"\u00c0 propos\"}]},{\"@type\":\"WebSite\",\"@id\":\"https:\/\/ritualcurious.com\/fr#website\",\"url\":\"https:\/\/ritualcurious.com\/fr\",\"name\":\"Ritual Curious\",\"description\":\"Gallery\",\"publisher\":{\"@id\":\"https:\/\/ritualcurious.com\/fr#organization\"},\"potentialAction\":[{\"@type\":\"SearchAction\",\"target\":{\"@type\":\"EntryPoint\",\"urlTemplate\":\"https:\/\/ritualcurious.com\/fr?s={search_term_string}\"},\"query-input\":{\"@type\":\"PropertyValueSpecification\",\"valueRequired\":true,\"valueName\":\"search_term_string\"}}],\"inLanguage\":\"fr-FR\"},{\"@type\":\"Organization\",\"@id\":\"https:\/\/ritualcurious.com\/fr#organization\",\"name\":\"Ritual Curious Galer\u00eda\",\"url\":\"https:\/\/ritualcurious.com\/fr\",\"logo\":{\"@type\":\"ImageObject\",\"inLanguage\":\"fr-FR\",\"@id\":\"https:\/\/ritualcurious.com\/fr#\/schema\/logo\/image\/\",\"url\":\"https:\/\/ritualcurious.com\/wp-content\/uploads\/2020\/10\/logo-ritual-curious-black.png\",\"contentUrl\":\"https:\/\/ritualcurious.com\/wp-content\/uploads\/2020\/10\/logo-ritual-curious-black.png\",\"width\":400,\"height\":190,\"caption\":\"Ritual Curious Galer\u00eda\"},\"image\":{\"@id\":\"https:\/\/ritualcurious.com\/fr#\/schema\/logo\/image\/\"}}]}<\/script>\n<!-- \/ Yoast SEO plugin. -->","yoast_head_json":{"title":"\u00c0 propos - Ritual Curious","robots":{"index":"index","follow":"follow","max-snippet":"max-snippet:-1","max-image-preview":"max-image-preview:large","max-video-preview":"max-video-preview:-1"},"canonical":"https:\/\/ritualcurious.com\/fr\/a-propos-de-nous","og_locale":"fr_FR","og_type":"article","og_title":"\u00c0 propos - Ritual Curious","og_description":"\u00c0 propos de nous Ritual Curious est le nouveau projet de la Galer\u00eda David Serra \u2013 Fine Tribal Art, qui a pris la forme d\u2019une s\u00e9rie de catalogues mensuels diffus\u00e9s virtuellement depuis avril 2020. Ce projet est n\u00e9 en r\u00e9ponse \u00e0 la situation de paralysie mondiale due \u00e0 la pand\u00e9mie de Covid-19. Suite aux restrictions [&hellip;]","og_url":"https:\/\/ritualcurious.com\/fr\/a-propos-de-nous","og_site_name":"Ritual Curious","article_modified_time":"2020-11-17T16:19:25+00:00","twitter_card":"summary_large_image","twitter_misc":{"Dur\u00e9e de lecture estim\u00e9e":"2 minutes"},"schema":{"@context":"https:\/\/schema.org","@graph":[{"@type":"WebPage","@id":"https:\/\/ritualcurious.com\/fr\/a-propos-de-nous","url":"https:\/\/ritualcurious.com\/fr\/a-propos-de-nous","name":"\u00c0 propos - Ritual Curious","isPartOf":{"@id":"https:\/\/ritualcurious.com\/fr#website"},"datePublished":"2020-11-05T17:20:12+00:00","dateModified":"2020-11-17T16:19:25+00:00","breadcrumb":{"@id":"https:\/\/ritualcurious.com\/fr\/a-propos-de-nous#breadcrumb"},"inLanguage":"fr-FR","potentialAction":[{"@type":"ReadAction","target":["https:\/\/ritualcurious.com\/fr\/a-propos-de-nous"]}]},{"@type":"BreadcrumbList","@id":"https:\/\/ritualcurious.com\/fr\/a-propos-de-nous#breadcrumb","itemListElement":[{"@type":"ListItem","position":1,"name":"Portada","item":"https:\/\/ritualcurious.com\/fr"},{"@type":"ListItem","position":2,"name":"\u00c0 propos"}]},{"@type":"WebSite","@id":"https:\/\/ritualcurious.com\/fr#website","url":"https:\/\/ritualcurious.com\/fr","name":"Ritual Curious","description":"Gallery","publisher":{"@id":"https:\/\/ritualcurious.com\/fr#organization"},"potentialAction":[{"@type":"SearchAction","target":{"@type":"EntryPoint","urlTemplate":"https:\/\/ritualcurious.com\/fr?s={search_term_string}"},"query-input":{"@type":"PropertyValueSpecification","valueRequired":true,"valueName":"search_term_string"}}],"inLanguage":"fr-FR"},{"@type":"Organization","@id":"https:\/\/ritualcurious.com\/fr#organization","name":"Ritual Curious Galer\u00eda","url":"https:\/\/ritualcurious.com\/fr","logo":{"@type":"ImageObject","inLanguage":"fr-FR","@id":"https:\/\/ritualcurious.com\/fr#\/schema\/logo\/image\/","url":"https:\/\/ritualcurious.com\/wp-content\/uploads\/2020\/10\/logo-ritual-curious-black.png","contentUrl":"https:\/\/ritualcurious.com\/wp-content\/uploads\/2020\/10\/logo-ritual-curious-black.png","width":400,"height":190,"caption":"Ritual Curious Galer\u00eda"},"image":{"@id":"https:\/\/ritualcurious.com\/fr#\/schema\/logo\/image\/"}}]}},"uagb_featured_image_src":{"full":false,"thumbnail":false,"medium":false,"medium_large":false,"large":false,"1536x1536":false,"2048x2048":false},"uagb_author_info":{"display_name":"empiezapori","author_link":"https:\/\/ritualcurious.com\/fr\/author\/empiezapori"},"uagb_comment_info":0,"uagb_excerpt":"\u00c0 propos de nous Ritual Curious est le nouveau projet de la Galer\u00eda David Serra \u2013 Fine Tribal Art, qui a pris la forme d\u2019une s\u00e9rie de catalogues mensuels diffus\u00e9s virtuellement depuis avril 2020. Ce projet est n\u00e9 en r\u00e9ponse \u00e0 la situation de paralysie mondiale due \u00e0 la pand\u00e9mie de Covid-19. Suite aux restrictions\u2026","_links":{"self":[{"href":"https:\/\/ritualcurious.com\/fr\/wp-json\/wp\/v2\/pages\/418","targetHints":{"allow":["GET"]}}],"collection":[{"href":"https:\/\/ritualcurious.com\/fr\/wp-json\/wp\/v2\/pages"}],"about":[{"href":"https:\/\/ritualcurious.com\/fr\/wp-json\/wp\/v2\/types\/page"}],"author":[{"embeddable":true,"href":"https:\/\/ritualcurious.com\/fr\/wp-json\/wp\/v2\/users\/1"}],"replies":[{"embeddable":true,"href":"https:\/\/ritualcurious.com\/fr\/wp-json\/wp\/v2\/comments?post=418"}],"version-history":[{"count":2,"href":"https:\/\/ritualcurious.com\/fr\/wp-json\/wp\/v2\/pages\/418\/revisions"}],"predecessor-version":[{"id":506,"href":"https:\/\/ritualcurious.com\/fr\/wp-json\/wp\/v2\/pages\/418\/revisions\/506"}],"wp:attachment":[{"href":"https:\/\/ritualcurious.com\/fr\/wp-json\/wp\/v2\/media?parent=418"}],"curies":[{"name":"wp","href":"https:\/\/api.w.org\/{rel}","templated":true}]}}