{"id":411,"date":"2020-10-19T15:28:34","date_gmt":"2020-10-19T15:28:34","guid":{"rendered":"https:\/\/ritualcurious.com\/contacto"},"modified":"2023-07-14T07:42:02","modified_gmt":"2023-07-14T07:42:02","slug":"contact","status":"publish","type":"page","link":"https:\/\/ritualcurious.com\/fr\/contact","title":{"rendered":"Contact"},"content":{"rendered":"\n<div class=\"wp-block-cover has-parallax eplus-m7dKxa\" style=\"min-height:400px;aspect-ratio:unset;\"><span aria-hidden=\"true\" class=\"wp-block-cover__background has-background-dim-30 has-background-dim\"><\/span><div role=\"img\" class=\"wp-block-cover__image-background wp-image-286 has-parallax\" style=\"background-position:50% 50%;background-image:url(https:\/\/ritualcurious.com\/wp-content\/uploads\/2020\/11\/ritual-curious-header-contacto.jpg)\"><\/div><div class=\"wp-block-cover__inner-container is-layout-flow wp-block-cover-is-layout-flow\">\n<p class=\"has-text-align-center eplus-XMNRQf has-large-font-size\"><\/p>\n<\/div><\/div>\n\n\n\n<section class=\"wp-block-uagb-columns uagb-columns__wrap uagb-columns__stack-mobile uagb-columns__valign- uagb-columns__gap-30 align uagb-block-40fb3f96 uagb-columns__columns-2 uagb-columns__max_width-theme\"><div class=\"uagb-columns__overlay\"><\/div><div class=\"uagb-columns__inner-wrap uagb-columns__columns-2\">\n<div class=\"wp-block-uagb-column uagb-column__wrap uagb-column__background-undefined uagb-block-29e2948d\"><div class=\"uagb-column__overlay\"><\/div><style>.wp-block-kadence-advancedheading.kt-adv-heading_de0114-46, .wp-block-kadence-advancedheading.kt-adv-heading_de0114-46[data-kb-block=\"kb-adv-heading_de0114-46\"]{font-weight:normal;font-style:normal;}.wp-block-kadence-advancedheading.kt-adv-heading_de0114-46 mark.kt-highlight, .wp-block-kadence-advancedheading.kt-adv-heading_de0114-46[data-kb-block=\"kb-adv-heading_de0114-46\"] mark.kt-highlight{font-weight:normal;font-style:normal;color:#f76a0c;-webkit-box-decoration-break:clone;box-decoration-break:clone;padding-top:0px;padding-right:0px;padding-bottom:0px;padding-left:0px;}.wp-block-kadence-advancedheading.kt-adv-heading_de0114-46 img.kb-inline-image, .wp-block-kadence-advancedheading.kt-adv-heading_de0114-46[data-kb-block=\"kb-adv-heading_de0114-46\"] img.kb-inline-image{width:150px;vertical-align:baseline;}<\/style>\n<h1 class=\"kt-adv-heading_de0114-46 wp-block-kadence-advancedheading\" data-kb-block=\"kb-adv-heading_de0114-46\">Contact<\/h1>\n\n\n\n<p class=\"eplus-TBJmAB\">Av. Virgen de Montserrat, 96<br>Sant Cugat del Vall\u00e9s<br>08198 Barcelona, Espa\u00f1a<br>\u200bDavid Serra +34 696 270 094<br>\u200bIvan Serra +34 696 270 094<\/p>\n\n\n<style>.wp-block-kadence-iconlist.kt-svg-icon-list-items_30436d-9f:not(.this-stops-third-party-issues){margin-top:0px;margin-bottom:0px;}.wp-block-kadence-iconlist.kt-svg-icon-list-items_30436d-9f ul.kt-svg-icon-list:not(.this-prevents-issues):not(.this-stops-third-party-issues):not(.tijsloc){margin-top:0px;margin-right:0px;margin-bottom:var(--global-kb-spacing-sm, 1.5rem);margin-left:0px;}.wp-block-kadence-iconlist.kt-svg-icon-list-items_30436d-9f ul.kt-svg-icon-list{grid-row-gap:5px;}.wp-block-kadence-iconlist.kt-svg-icon-list-items_30436d-9f .kb-svg-icon-wrap{font-size:25px;}.wp-block-kadence-iconlist.kt-svg-icon-list-items_30436d-9f ul.kt-svg-icon-list .kt-svg-icon-list-item-wrap .kt-svg-icon-list-single{margin-right:10px;}.kt-svg-icon-list-items_30436d-9f ul.kt-svg-icon-list .kt-svg-icon-list-level-0 .kt-svg-icon-list-single svg{font-size:20px;}<\/style>\n<div class=\"wp-block-kadence-iconlist kt-svg-icon-list-items kt-svg-icon-list-items_30436d-9f kt-svg-icon-list-columns-1 alignnone\"><ul class=\"kt-svg-icon-list\"><style>.kt-svg-icon-list-item-_0931e9-02 .kt-svg-icon-list-text mark.kt-highlight{background-color:unset;font-style:normal;color:#f76a0c;-webkit-box-decoration-break:clone;box-decoration-break:clone;padding-top:0px;padding-right:0px;padding-bottom:0px;padding-left:0px;}<\/style>\n<li class=\"wp-block-kadence-listitem kt-svg-icon-list-item-wrap kt-svg-icon-list-item-_0931e9-02\"><span class=\"kb-svg-icon-wrap kb-svg-icon-fe_mail kt-svg-icon-list-single\"><svg viewBox=\"0 0 24 24\"  fill=\"none\" stroke=\"currentColor\" stroke-width=\"2\" stroke-linecap=\"round\" stroke-linejoin=\"round\" xmlns=\"http:\/\/www.w3.org\/2000\/svg\"  aria-hidden=\"true\"><path d=\"M4 4h16c1.1 0 2 .9 2 2v12c0 1.1-.9 2-2 2H4c-1.1 0-2-.9-2-2V6c0-1.1.9-2 2-2z\"\/><polyline points=\"22,6 12,13 2,6\"\/><\/svg><\/span><span class=\"kt-svg-icon-list-text\"><a href=\"mailto:info@ritualcurious.com\" class=\"ek-link\">\u200binfo@ritualcurious<\/a>.com<\/span><\/li>\n<\/ul><\/div>\n\n\n\n<p class=\"eplus-xGfLJT\"><strong>Ritual Curious<\/strong> est une galerie supervis\u00e9e et accr\u00e9dit\u00e9e par <strong>David Serra<\/strong> &#8211; Membre du <em>Syndicat National des Antiquaires.<\/em><\/p>\n<\/div>\n\n\n\n<div class=\"wp-block-uagb-column uagb-column__wrap uagb-column__background-undefined uagb-block-33f0dbcf\"><div class=\"uagb-column__overlay\"><\/div>\t\t\t\t<div class = \"wp-block-uagb-cf7-styler uagb-cf7-styler__outer-wrap uagb-block-34ec0b02   \">\n\t\t\t\t\t<div class = \"uagb-cf7-styler__align-left uagb-cf7-styler__field-style-box uagb-cf7-styler__btn-align-left uagb-cf7-styler__btn-align-tablet- uagb-cf7-styler__btn-align-mobile- uagb-cf7-styler__highlight-style-default uagb-cf7-styler__check-style-enabled\">\n\t\t\t\t\t\n<div class=\"wpcf7 no-js\" id=\"wpcf7-f394-o1\" lang=\"es-ES\" dir=\"ltr\" data-wpcf7-id=\"394\">\n<div class=\"screen-reader-response\"><p role=\"status\" aria-live=\"polite\" aria-atomic=\"true\"><\/p> <ul><\/ul><\/div>\n<form action=\"\/fr\/wp-json\/wp\/v2\/pages\/411#wpcf7-f394-o1\" method=\"post\" class=\"wpcf7-form init\" aria-label=\"Formulario de contacto\" novalidate=\"novalidate\" data-status=\"init\">\n<fieldset class=\"hidden-fields-container\"><input type=\"hidden\" name=\"_wpcf7\" value=\"394\" \/><input type=\"hidden\" name=\"_wpcf7_version\" value=\"6.1.5\" \/><input type=\"hidden\" name=\"_wpcf7_locale\" value=\"es_ES\" \/><input type=\"hidden\" name=\"_wpcf7_unit_tag\" value=\"wpcf7-f394-o1\" \/><input type=\"hidden\" name=\"_wpcf7_container_post\" value=\"0\" \/><input type=\"hidden\" name=\"_wpcf7_posted_data_hash\" value=\"\" \/>\n<\/fieldset>\n<p><span class=\"wpcf7-form-control-wrap\" data-name=\"your-name\"><input size=\"40\" maxlength=\"400\" class=\"wpcf7-form-control wpcf7-text\" aria-invalid=\"false\" placeholder=\"Nom\" value=\"\" type=\"text\" name=\"your-name\" \/><\/span>\n<\/p>\n<p><span class=\"wpcf7-form-control-wrap\" data-name=\"telefono\"><input size=\"40\" maxlength=\"400\" class=\"wpcf7-form-control wpcf7-tel wpcf7-text wpcf7-validates-as-tel\" aria-invalid=\"false\" placeholder=\"T\u00e9l\u00e9phone\" value=\"\" type=\"tel\" name=\"telefono\" \/><\/span>\n<\/p>\n<p><span class=\"wpcf7-form-control-wrap\" data-name=\"your-email\"><input size=\"40\" maxlength=\"400\" class=\"wpcf7-form-control wpcf7-email wpcf7-validates-as-required wpcf7-text wpcf7-validates-as-email\" aria-required=\"true\" aria-invalid=\"false\" placeholder=\"Courrier \u00e9lectronique*\" value=\"\" type=\"email\" name=\"your-email\" \/><\/span>\n<\/p>\n<p><span class=\"wpcf7-form-control-wrap\" data-name=\"asunto\"><textarea cols=\"40\" rows=\"10\" maxlength=\"2000\" class=\"wpcf7-form-control wpcf7-textarea\" aria-invalid=\"false\" placeholder=\"Affaire\" name=\"asunto\"><\/textarea><\/span>\n<\/p>\n<p><span class=\"wpcf7-form-control-wrap\" data-name=\"Privacidad\"><span class=\"wpcf7-form-control wpcf7-acceptance\"><span class=\"wpcf7-list-item\"><label><input type=\"checkbox\" name=\"Privacidad\" value=\"1\" aria-invalid=\"false\" \/><span class=\"wpcf7-list-item-label\">J&rsquo;ai lu et accepte le <a rel=\"nofollow\" href=\"https:\/\/ritualcurious.com\/aviso-legal\" target=\"_blank\">Avis juridique<\/a>.<\/span><\/label><\/span><\/span><\/span><br \/>\n<span style=\"font-size: 14px; color:#cccccc;\">La personne responsable du dossier utilisera ces informations pour r\u00e9pondre aux demandes de contact. Les donn\u00e9es envoy\u00e9es seront stock\u00e9es dans Hosting au sein de l&rsquo;UE. Vous pouvez y acc\u00e9der, les rectifier ou les supprimer si vous le souhaitez via l&#8217;email info@ritualcurious.com<\/span><br \/>\n<input class=\"wpcf7-form-control wpcf7-submit has-spinner\" type=\"submit\" value=\"Envoyer\" \/>\n<\/p><div class=\"wpcf7-response-output\" aria-hidden=\"true\"><\/div>\n<\/form>\n<\/div>\n\t\t\t\t\t<\/div>\n\t\t\t\t<\/div>\n\t\t\t\t<\/div>\n<\/div><\/section>\n","protected":false},"excerpt":{"rendered":"<p>Contact Av. Virgen de Montserrat, 96Sant Cugat del Vall\u00e9s08198 Barcelona, Espa\u00f1a\u200bDavid Serra +34 696 270 094\u200bIvan Serra +34 696 270 094 Ritual Curious est une galerie supervis\u00e9e et accr\u00e9dit\u00e9e par David Serra &#8211; Membre du Syndicat National des Antiquaires.<\/p>\n","protected":false},"author":1,"featured_media":0,"parent":0,"menu_order":0,"comment_status":"closed","ping_status":"closed","template":"","meta":{"_uag_custom_page_level_css":"","site-sidebar-layout":"no-sidebar","site-content-layout":"page-builder","ast-site-content-layout":"default","site-content-style":"default","site-sidebar-style":"default","ast-global-header-display":"","ast-banner-title-visibility":"","ast-main-header-display":"","ast-hfb-above-header-display":"","ast-hfb-below-header-display":"","ast-hfb-mobile-header-display":"","site-post-title":"disabled","ast-breadcrumbs-content":"","ast-featured-img":"","footer-sml-layout":"","ast-disable-related-posts":"","theme-transparent-header-meta":"enabled","adv-header-id-meta":"","stick-header-meta":"default","header-above-stick-meta":"","header-main-stick-meta":"","header-below-stick-meta":"","astra-migrate-meta-layouts":"default","ast-page-background-enabled":"default","ast-page-background-meta":{"desktop":{"background-color":"","background-image":"","background-repeat":"repeat","background-position":"center center","background-size":"auto","background-attachment":"scroll","background-type":"","background-media":"","overlay-type":"","overlay-color":"","overlay-opacity":"","overlay-gradient":""},"tablet":{"background-color":"","background-image":"","background-repeat":"repeat","background-position":"center center","background-size":"auto","background-attachment":"scroll","background-type":"","background-media":"","overlay-type":"","overlay-color":"","overlay-opacity":"","overlay-gradient":""},"mobile":{"background-color":"","background-image":"","background-repeat":"repeat","background-position":"center center","background-size":"auto","background-attachment":"scroll","background-type":"","background-media":"","overlay-type":"","overlay-color":"","overlay-opacity":"","overlay-gradient":""}},"ast-content-background-meta":{"desktop":{"background-color":"var(--ast-global-color-5)","background-image":"","background-repeat":"repeat","background-position":"center center","background-size":"auto","background-attachment":"scroll","background-type":"","background-media":"","overlay-type":"","overlay-color":"","overlay-opacity":"","overlay-gradient":""},"tablet":{"background-color":"var(--ast-global-color-5)","background-image":"","background-repeat":"repeat","background-position":"center center","background-size":"auto","background-attachment":"scroll","background-type":"","background-media":"","overlay-type":"","overlay-color":"","overlay-opacity":"","overlay-gradient":""},"mobile":{"background-color":"var(--ast-global-color-5)","background-image":"","background-repeat":"repeat","background-position":"center center","background-size":"auto","background-attachment":"scroll","background-type":"","background-media":"","overlay-type":"","overlay-color":"","overlay-opacity":"","overlay-gradient":""}},"footnotes":""},"class_list":["post-411","page","type-page","status-publish","hentry"],"yoast_head":"<!-- This site is optimized with the Yoast SEO plugin v27.2 - https:\/\/yoast.com\/product\/yoast-seo-wordpress\/ -->\n<title>Contact - Ritual Curious<\/title>\n<meta name=\"robots\" content=\"index, follow, max-snippet:-1, max-image-preview:large, max-video-preview:-1\" \/>\n<link rel=\"canonical\" href=\"https:\/\/ritualcurious.com\/fr\/contact\" \/>\n<meta property=\"og:locale\" content=\"fr_FR\" \/>\n<meta property=\"og:type\" content=\"article\" \/>\n<meta property=\"og:title\" content=\"Contact - Ritual Curious\" \/>\n<meta property=\"og:description\" content=\"Contact Av. Virgen de Montserrat, 96Sant Cugat del Vall\u00e9s08198 Barcelona, Espa\u00f1a\u200bDavid Serra +34 696 270 094\u200bIvan Serra +34 696 270 094 Ritual Curious est une galerie supervis\u00e9e et accr\u00e9dit\u00e9e par David Serra &#8211; Membre du Syndicat National des Antiquaires.\" \/>\n<meta property=\"og:url\" content=\"https:\/\/ritualcurious.com\/fr\/contact\" \/>\n<meta property=\"og:site_name\" content=\"Ritual Curious\" \/>\n<meta property=\"article:modified_time\" content=\"2023-07-14T07:42:02+00:00\" \/>\n<meta name=\"twitter:card\" content=\"summary_large_image\" \/>\n<meta name=\"twitter:label1\" content=\"Dur\u00e9e de lecture estim\u00e9e\" \/>\n\t<meta name=\"twitter:data1\" content=\"1 minute\" \/>\n<script type=\"application\/ld+json\" class=\"yoast-schema-graph\">{\"@context\":\"https:\/\/schema.org\",\"@graph\":[{\"@type\":\"WebPage\",\"@id\":\"https:\/\/ritualcurious.com\/fr\/contact\",\"url\":\"https:\/\/ritualcurious.com\/fr\/contact\",\"name\":\"Contact - Ritual Curious\",\"isPartOf\":{\"@id\":\"https:\/\/ritualcurious.com\/fr#website\"},\"datePublished\":\"2020-10-19T15:28:34+00:00\",\"dateModified\":\"2023-07-14T07:42:02+00:00\",\"breadcrumb\":{\"@id\":\"https:\/\/ritualcurious.com\/fr\/contact#breadcrumb\"},\"inLanguage\":\"fr-FR\",\"potentialAction\":[{\"@type\":\"ReadAction\",\"target\":[\"https:\/\/ritualcurious.com\/fr\/contact\"]}]},{\"@type\":\"BreadcrumbList\",\"@id\":\"https:\/\/ritualcurious.com\/fr\/contact#breadcrumb\",\"itemListElement\":[{\"@type\":\"ListItem\",\"position\":1,\"name\":\"Portada\",\"item\":\"https:\/\/ritualcurious.com\/fr\"},{\"@type\":\"ListItem\",\"position\":2,\"name\":\"Contact\"}]},{\"@type\":\"WebSite\",\"@id\":\"https:\/\/ritualcurious.com\/fr#website\",\"url\":\"https:\/\/ritualcurious.com\/fr\",\"name\":\"Ritual Curious\",\"description\":\"Gallery\",\"publisher\":{\"@id\":\"https:\/\/ritualcurious.com\/fr#organization\"},\"potentialAction\":[{\"@type\":\"SearchAction\",\"target\":{\"@type\":\"EntryPoint\",\"urlTemplate\":\"https:\/\/ritualcurious.com\/fr?s={search_term_string}\"},\"query-input\":{\"@type\":\"PropertyValueSpecification\",\"valueRequired\":true,\"valueName\":\"search_term_string\"}}],\"inLanguage\":\"fr-FR\"},{\"@type\":\"Organization\",\"@id\":\"https:\/\/ritualcurious.com\/fr#organization\",\"name\":\"Ritual Curious Galer\u00eda\",\"url\":\"https:\/\/ritualcurious.com\/fr\",\"logo\":{\"@type\":\"ImageObject\",\"inLanguage\":\"fr-FR\",\"@id\":\"https:\/\/ritualcurious.com\/fr#\/schema\/logo\/image\/\",\"url\":\"https:\/\/ritualcurious.com\/wp-content\/uploads\/2020\/10\/logo-ritual-curious-black.png\",\"contentUrl\":\"https:\/\/ritualcurious.com\/wp-content\/uploads\/2020\/10\/logo-ritual-curious-black.png\",\"width\":400,\"height\":190,\"caption\":\"Ritual Curious Galer\u00eda\"},\"image\":{\"@id\":\"https:\/\/ritualcurious.com\/fr#\/schema\/logo\/image\/\"}}]}<\/script>\n<!-- \/ Yoast SEO plugin. -->","yoast_head_json":{"title":"Contact - Ritual Curious","robots":{"index":"index","follow":"follow","max-snippet":"max-snippet:-1","max-image-preview":"max-image-preview:large","max-video-preview":"max-video-preview:-1"},"canonical":"https:\/\/ritualcurious.com\/fr\/contact","og_locale":"fr_FR","og_type":"article","og_title":"Contact - Ritual Curious","og_description":"Contact Av. Virgen de Montserrat, 96Sant Cugat del Vall\u00e9s08198 Barcelona, Espa\u00f1a\u200bDavid Serra +34 696 270 094\u200bIvan Serra +34 696 270 094 Ritual Curious est une galerie supervis\u00e9e et accr\u00e9dit\u00e9e par David Serra &#8211; Membre du Syndicat National des Antiquaires.","og_url":"https:\/\/ritualcurious.com\/fr\/contact","og_site_name":"Ritual Curious","article_modified_time":"2023-07-14T07:42:02+00:00","twitter_card":"summary_large_image","twitter_misc":{"Dur\u00e9e de lecture estim\u00e9e":"1 minute"},"schema":{"@context":"https:\/\/schema.org","@graph":[{"@type":"WebPage","@id":"https:\/\/ritualcurious.com\/fr\/contact","url":"https:\/\/ritualcurious.com\/fr\/contact","name":"Contact - Ritual Curious","isPartOf":{"@id":"https:\/\/ritualcurious.com\/fr#website"},"datePublished":"2020-10-19T15:28:34+00:00","dateModified":"2023-07-14T07:42:02+00:00","breadcrumb":{"@id":"https:\/\/ritualcurious.com\/fr\/contact#breadcrumb"},"inLanguage":"fr-FR","potentialAction":[{"@type":"ReadAction","target":["https:\/\/ritualcurious.com\/fr\/contact"]}]},{"@type":"BreadcrumbList","@id":"https:\/\/ritualcurious.com\/fr\/contact#breadcrumb","itemListElement":[{"@type":"ListItem","position":1,"name":"Portada","item":"https:\/\/ritualcurious.com\/fr"},{"@type":"ListItem","position":2,"name":"Contact"}]},{"@type":"WebSite","@id":"https:\/\/ritualcurious.com\/fr#website","url":"https:\/\/ritualcurious.com\/fr","name":"Ritual Curious","description":"Gallery","publisher":{"@id":"https:\/\/ritualcurious.com\/fr#organization"},"potentialAction":[{"@type":"SearchAction","target":{"@type":"EntryPoint","urlTemplate":"https:\/\/ritualcurious.com\/fr?s={search_term_string}"},"query-input":{"@type":"PropertyValueSpecification","valueRequired":true,"valueName":"search_term_string"}}],"inLanguage":"fr-FR"},{"@type":"Organization","@id":"https:\/\/ritualcurious.com\/fr#organization","name":"Ritual Curious Galer\u00eda","url":"https:\/\/ritualcurious.com\/fr","logo":{"@type":"ImageObject","inLanguage":"fr-FR","@id":"https:\/\/ritualcurious.com\/fr#\/schema\/logo\/image\/","url":"https:\/\/ritualcurious.com\/wp-content\/uploads\/2020\/10\/logo-ritual-curious-black.png","contentUrl":"https:\/\/ritualcurious.com\/wp-content\/uploads\/2020\/10\/logo-ritual-curious-black.png","width":400,"height":190,"caption":"Ritual Curious Galer\u00eda"},"image":{"@id":"https:\/\/ritualcurious.com\/fr#\/schema\/logo\/image\/"}}]}},"uagb_featured_image_src":{"full":false,"thumbnail":false,"medium":false,"medium_large":false,"large":false,"1536x1536":false,"2048x2048":false},"uagb_author_info":{"display_name":"empiezapori","author_link":"https:\/\/ritualcurious.com\/fr\/author\/empiezapori"},"uagb_comment_info":0,"uagb_excerpt":"Contact Av. Virgen de Montserrat, 96Sant Cugat del Vall\u00e9s08198 Barcelona, Espa\u00f1a\u200bDavid Serra +34 696 270 094\u200bIvan Serra +34 696 270 094 Ritual Curious est une galerie supervis\u00e9e et accr\u00e9dit\u00e9e par David Serra &#8211; Membre du Syndicat National des Antiquaires.","_links":{"self":[{"href":"https:\/\/ritualcurious.com\/fr\/wp-json\/wp\/v2\/pages\/411","targetHints":{"allow":["GET"]}}],"collection":[{"href":"https:\/\/ritualcurious.com\/fr\/wp-json\/wp\/v2\/pages"}],"about":[{"href":"https:\/\/ritualcurious.com\/fr\/wp-json\/wp\/v2\/types\/page"}],"author":[{"embeddable":true,"href":"https:\/\/ritualcurious.com\/fr\/wp-json\/wp\/v2\/users\/1"}],"replies":[{"embeddable":true,"href":"https:\/\/ritualcurious.com\/fr\/wp-json\/wp\/v2\/comments?post=411"}],"version-history":[{"count":3,"href":"https:\/\/ritualcurious.com\/fr\/wp-json\/wp\/v2\/pages\/411\/revisions"}],"predecessor-version":[{"id":3645,"href":"https:\/\/ritualcurious.com\/fr\/wp-json\/wp\/v2\/pages\/411\/revisions\/3645"}],"wp:attachment":[{"href":"https:\/\/ritualcurious.com\/fr\/wp-json\/wp\/v2\/media?parent=411"}],"curies":[{"name":"wp","href":"https:\/\/api.w.org\/{rel}","templated":true}]}}